{"id":1083,"date":"2019-01-23T06:31:31","date_gmt":"2019-01-23T06:31:31","guid":{"rendered":"https:\/\/todoaluminio.com.ar\/?page_id=1083"},"modified":"2026-02-21T06:02:55","modified_gmt":"2026-02-21T06:02:55","slug":"quienes-somos","status":"publish","type":"page","link":"https:\/\/todoaluminio.com.ar\/?page_id=1083","title":{"rendered":"Quienes Somos"},"content":{"rendered":"\t\t<div data-elementor-type=\"wp-post\" data-elementor-id=\"1083\" class=\"elementor elementor-1083\" data-elementor-post-type=\"page\">\n\t\t\t\t\t\t<section class=\"elementor-section elementor-top-section elementor-element elementor-element-6ccdc95 elementor-section-content-middle elementor-section-boxed elementor-section-height-default elementor-section-height-default\" data-id=\"6ccdc95\" data-element_type=\"section\" data-e-type=\"section\" data-settings=\"{&quot;background_background&quot;:&quot;classic&quot;}\">\n\t\t\t\t\t\t\t<div class=\"elementor-background-overlay\"><\/div>\n\t\t\t\t\t\t\t<div class=\"elementor-container elementor-column-gap-no\">\n\t\t\t\t\t<div class=\"elementor-column elementor-col-100 elementor-top-column elementor-element elementor-element-4f6adc0\" data-id=\"4f6adc0\" data-element_type=\"column\" data-e-type=\"column\">\n\t\t\t<div class=\"elementor-widget-wrap elementor-element-populated\">\n\t\t\t\t\t\t<div class=\"elementor-element elementor-element-179c706 elementor-widget elementor-widget-heading\" data-id=\"179c706\" data-element_type=\"widget\" data-e-type=\"widget\" data-widget_type=\"heading.default\">\n\t\t\t\t<div class=\"elementor-widget-container\">\n\t\t\t\t\t<h1 class=\"elementor-heading-title elementor-size-default\">Quienes Somos<\/h1>\t\t\t\t<\/div>\n\t\t\t\t<\/div>\n\t\t\t\t\t<\/div>\n\t\t<\/div>\n\t\t\t\t\t<\/div>\n\t\t<\/section>\n\t\t\t\t<section class=\"elementor-section elementor-top-section elementor-element elementor-element-4a5d220 elementor-section-boxed elementor-section-height-default elementor-section-height-default\" data-id=\"4a5d220\" data-element_type=\"section\" data-e-type=\"section\">\n\t\t\t\t\t\t<div class=\"elementor-container elementor-column-gap-no\">\n\t\t\t\t\t<div class=\"elementor-column elementor-col-33 elementor-top-column elementor-element elementor-element-737ec4c\" data-id=\"737ec4c\" data-element_type=\"column\" data-e-type=\"column\">\n\t\t\t<div class=\"elementor-widget-wrap elementor-element-populated\">\n\t\t\t\t\t\t<div class=\"elementor-element elementor-element-efb0e9a elementor-widget elementor-widget-heading\" data-id=\"efb0e9a\" data-element_type=\"widget\" data-e-type=\"widget\" data-widget_type=\"heading.default\">\n\t\t\t\t<div class=\"elementor-widget-container\">\n\t\t\t\t\t<h3 class=\"elementor-heading-title elementor-size-default\">Nuestra Historia &amp; Nuestra Filosof\u00eda<\/h3>\t\t\t\t<\/div>\n\t\t\t\t<\/div>\n\t\t\t\t\t<\/div>\n\t\t<\/div>\n\t\t\t\t<div class=\"elementor-column elementor-col-66 elementor-top-column elementor-element elementor-element-e6bc9af\" data-id=\"e6bc9af\" data-element_type=\"column\" data-e-type=\"column\">\n\t\t\t<div class=\"elementor-widget-wrap elementor-element-populated\">\n\t\t\t\t\t\t<div class=\"elementor-element elementor-element-8bf9f70 elementor-widget elementor-widget-text-editor\" data-id=\"8bf9f70\" data-element_type=\"widget\" data-e-type=\"widget\" data-widget_type=\"text-editor.default\">\n\t\t\t\t<div class=\"elementor-widget-container\">\n\t\t\t\t\t\t\t\t\t<p data-start=\"102\" data-end=\"407\">En <strong data-start=\"105\" data-end=\"122\">Todo Aluminio<\/strong> somos una empresa dedicada a la comercializaci\u00f3n de productos de aluminio y fundici\u00f3n, brindando soluciones confiables y de alta calidad para clientes de todo el pa\u00eds. Nos enfocamos en ofrecer un servicio \u00e1gil, profesional y personalizado, adaptado a las necesidades de cada proyecto.<\/p><p data-start=\"409\" data-end=\"744\">Somos <strong data-start=\"415\" data-end=\"474\">distribuidores oficiales de ALUMA y Fundici\u00f3n Cantarini<\/strong>, dos marcas referentes en el mercado por su trayectoria, calidad y confiabilidad. Gracias a esta alianza, contamos con <strong data-start=\"594\" data-end=\"653\">acceso a la l\u00ednea completa de productos de ambas firmas<\/strong>, garantizando art\u00edculos originales, con respaldo de f\u00e1brica y altos est\u00e1ndares de calidad.<\/p><p data-start=\"746\" data-end=\"1040\">Comercializamos <strong data-start=\"762\" data-end=\"816\">todos los productos de ALUMA y Fundici\u00f3n Cantarini<\/strong>, realizando <strong data-start=\"829\" data-end=\"854\">env\u00edos a todo el pa\u00eds<\/strong>, asegurando una log\u00edstica eficiente, segura y en tiempo oportuno. Nuestro objetivo es acompa\u00f1ar a nuestros clientes en cada etapa, desde el asesoramiento inicial hasta la entrega final.<\/p><p data-start=\"1042\" data-end=\"1198\">En <strong data-start=\"1045\" data-end=\"1062\">Todo Aluminio<\/strong> trabajamos con el compromiso de construir relaciones a largo plazo, basadas en la confianza, la calidad y la excelencia en el servicio.<\/p>\t\t\t\t\t\t\t\t<\/div>\n\t\t\t\t<\/div>\n\t\t\t\t\t<\/div>\n\t\t<\/div>\n\t\t\t\t\t<\/div>\n\t\t<\/section>\n\t\t\t\t<section class=\"elementor-section elementor-top-section elementor-element elementor-element-a400379 elementor-section-content-middle elementor-section-boxed elementor-section-height-default elementor-section-height-default\" data-id=\"a400379\" data-element_type=\"section\" data-e-type=\"section\" data-settings=\"{&quot;background_background&quot;:&quot;classic&quot;}\">\n\t\t\t\t\t\t<div class=\"elementor-container elementor-column-gap-no\">\n\t\t\t\t\t<div class=\"elementor-column elementor-col-100 elementor-top-column elementor-element elementor-element-c9222c3\" data-id=\"c9222c3\" data-element_type=\"column\" data-e-type=\"column\">\n\t\t\t<div class=\"elementor-widget-wrap elementor-element-populated\">\n\t\t\t\t\t\t<div class=\"elementor-element elementor-element-beeacce elementor-widget elementor-widget-image\" data-id=\"beeacce\" data-element_type=\"widget\" data-e-type=\"widget\" data-widget_type=\"image.default\">\n\t\t\t\t<div class=\"elementor-widget-container\">\n\t\t\t\t\t\t\t\t\t\t\t\t\t\t\t<img fetchpriority=\"high\" decoding=\"async\" width=\"992\" height=\"1056\" src=\"https:\/\/todoaluminio.com.ar\/wp-content\/uploads\/2026\/02\/Imagen_todo-aluminio.png\" class=\"attachment-full size-full wp-image-2223\" alt=\"\" srcset=\"https:\/\/todoaluminio.com.ar\/wp-content\/uploads\/2026\/02\/Imagen_todo-aluminio.png 992w, https:\/\/todoaluminio.com.ar\/wp-content\/uploads\/2026\/02\/Imagen_todo-aluminio-282x300.png 282w, https:\/\/todoaluminio.com.ar\/wp-content\/uploads\/2026\/02\/Imagen_todo-aluminio-962x1024.png 962w, https:\/\/todoaluminio.com.ar\/wp-content\/uploads\/2026\/02\/Imagen_todo-aluminio-768x818.png 768w, https:\/\/todoaluminio.com.ar\/wp-content\/uploads\/2026\/02\/Imagen_todo-aluminio-600x639.png 600w\" sizes=\"(max-width: 992px) 100vw, 992px\" \/>\t\t\t\t\t\t\t\t\t\t\t\t\t\t\t<\/div>\n\t\t\t\t<\/div>\n\t\t\t\t\t<\/div>\n\t\t<\/div>\n\t\t\t\t\t<\/div>\n\t\t<\/section>\n\t\t\t\t<section class=\"elementor-section elementor-top-section elementor-element elementor-element-9df7e7c elementor-section-boxed elementor-section-height-default elementor-section-height-default\" data-id=\"9df7e7c\" data-element_type=\"section\" data-e-type=\"section\">\n\t\t\t\t\t\t<div class=\"elementor-container elementor-column-gap-no\">\n\t\t\t\t\t<div class=\"elementor-column elementor-col-33 elementor-top-column elementor-element elementor-element-96822f0\" data-id=\"96822f0\" data-element_type=\"column\" data-e-type=\"column\">\n\t\t\t<div class=\"elementor-widget-wrap elementor-element-populated\">\n\t\t\t\t\t\t<div class=\"elementor-element elementor-element-5fcc72a elementor-widget elementor-widget-heading\" data-id=\"5fcc72a\" data-element_type=\"widget\" data-e-type=\"widget\" data-widget_type=\"heading.default\">\n\t\t\t\t<div class=\"elementor-widget-container\">\n\t\t\t\t\t<h3 class=\"elementor-heading-title elementor-size-default\">Nuestra Misi\u00f3n<\/h3>\t\t\t\t<\/div>\n\t\t\t\t<\/div>\n\t\t\t\t\t<\/div>\n\t\t<\/div>\n\t\t\t\t<div class=\"elementor-column elementor-col-66 elementor-top-column elementor-element elementor-element-3f6bf5e\" data-id=\"3f6bf5e\" data-element_type=\"column\" data-e-type=\"column\">\n\t\t\t<div class=\"elementor-widget-wrap elementor-element-populated\">\n\t\t\t\t\t\t<div class=\"elementor-element elementor-element-12bc7ce elementor-widget elementor-widget-text-editor\" data-id=\"12bc7ce\" data-element_type=\"widget\" data-e-type=\"widget\" data-widget_type=\"text-editor.default\">\n\t\t\t\t<div class=\"elementor-widget-container\">\n\t\t\t\t\t\t\t\t\t<p>Nos comprometemos a ofrecer a nuestros clientes una experiencia \u00fanica. Desde nuestra selecci\u00f3n de materias primas hasta la artesan\u00eda final, cada etapa se enfoca en brindar productos que superen las expectativas. Aspiramos a ser m\u00e1s que una marca; Buscamos ser una parte integral de los momentos especiales en la vida de las personas, ofreciendo productos que cautivan y perduran.<\/p>\t\t\t\t\t\t\t\t<\/div>\n\t\t\t\t<\/div>\n\t\t\t\t\t<\/div>\n\t\t<\/div>\n\t\t\t\t\t<\/div>\n\t\t<\/section>\n\t\t\t\t<section class=\"elementor-section elementor-top-section elementor-element elementor-element-5e6a6e1 elementor-section-boxed elementor-section-height-default elementor-section-height-default\" data-id=\"5e6a6e1\" data-element_type=\"section\" data-e-type=\"section\">\n\t\t\t\t\t\t<div class=\"elementor-container elementor-column-gap-no\">\n\t\t\t\t\t<div class=\"elementor-column elementor-col-33 elementor-top-column elementor-element elementor-element-af641d7\" data-id=\"af641d7\" data-element_type=\"column\" data-e-type=\"column\">\n\t\t\t<div class=\"elementor-widget-wrap elementor-element-populated\">\n\t\t\t\t\t\t<div class=\"elementor-element elementor-element-a3597ea elementor-widget elementor-widget-heading\" data-id=\"a3597ea\" data-element_type=\"widget\" data-e-type=\"widget\" data-widget_type=\"heading.default\">\n\t\t\t\t<div class=\"elementor-widget-container\">\n\t\t\t\t\t<h3 class=\"elementor-heading-title elementor-size-default\">Nuestro Compromiso<\/h3>\t\t\t\t<\/div>\n\t\t\t\t<\/div>\n\t\t\t\t\t<\/div>\n\t\t<\/div>\n\t\t\t\t<div class=\"elementor-column elementor-col-66 elementor-top-column elementor-element elementor-element-ee62c1c\" data-id=\"ee62c1c\" data-element_type=\"column\" data-e-type=\"column\">\n\t\t\t<div class=\"elementor-widget-wrap elementor-element-populated\">\n\t\t\t\t\t\t<div class=\"elementor-element elementor-element-daeda12 elementor-widget elementor-widget-text-editor\" data-id=\"daeda12\" data-element_type=\"widget\" data-e-type=\"widget\" data-widget_type=\"text-editor.default\">\n\t\t\t\t<div class=\"elementor-widget-container\">\n\t\t\t\t\t\t\t\t\t<p>La sostenibilidad es un pilar fundamental en todo lo que hacemos. Nos esforzamos por producir de manera \u00e9tica y responsable, minimizando nuestro impacto en el medio ambiente. Desde la selecci\u00f3n de materiales hasta los procesos de fabricaci\u00f3n, nos esforzamos por ser un ejemplo de pr\u00e1cticas comerciales sostenibles y conscientes.<\/p>\t\t\t\t\t\t\t\t<\/div>\n\t\t\t\t<\/div>\n\t\t\t\t\t<\/div>\n\t\t<\/div>\n\t\t\t\t\t<\/div>\n\t\t<\/section>\n\t\t\t\t<section class=\"elementor-section elementor-top-section elementor-element elementor-element-5bf6c01 elementor-section-boxed elementor-section-height-default elementor-section-height-default\" data-id=\"5bf6c01\" data-element_type=\"section\" data-e-type=\"section\">\n\t\t\t\t\t\t<div class=\"elementor-container elementor-column-gap-no\">\n\t\t\t\t\t<div class=\"elementor-column elementor-col-33 elementor-top-column elementor-element elementor-element-434c6c7\" data-id=\"434c6c7\" data-element_type=\"column\" data-e-type=\"column\">\n\t\t\t<div class=\"elementor-widget-wrap elementor-element-populated\">\n\t\t\t\t\t\t<div class=\"elementor-element elementor-element-3912b04 elementor-widget elementor-widget-heading\" data-id=\"3912b04\" data-element_type=\"widget\" data-e-type=\"widget\" data-widget_type=\"heading.default\">\n\t\t\t\t<div class=\"elementor-widget-container\">\n\t\t\t\t\t<h3 class=\"elementor-heading-title elementor-size-default\">\u00danete a Nosotros<\/h3>\t\t\t\t<\/div>\n\t\t\t\t<\/div>\n\t\t\t\t\t<\/div>\n\t\t<\/div>\n\t\t\t\t<div class=\"elementor-column elementor-col-66 elementor-top-column elementor-element elementor-element-267f3cb\" data-id=\"267f3cb\" data-element_type=\"column\" data-e-type=\"column\">\n\t\t\t<div class=\"elementor-widget-wrap elementor-element-populated\">\n\t\t\t\t\t\t<div class=\"elementor-element elementor-element-19bab80 elementor-widget elementor-widget-text-editor\" data-id=\"19bab80\" data-element_type=\"widget\" data-e-type=\"widget\" data-widget_type=\"text-editor.default\">\n\t\t\t\t<div class=\"elementor-widget-container\">\n\t\t\t\t\t\t\t\t\t<p data-start=\"165\" data-end=\"452\">En <strong data-start=\"168\" data-end=\"185\">Todo Aluminio<\/strong> creemos que el crecimiento se construye con personas comprometidas, responsables y apasionadas por lo que hacen. Trabajamos todos los d\u00edas para ofrecer productos de calidad y un servicio de excelencia, y sabemos que eso solo es posible con un equipo s\u00f3lido y humano.<\/p><p data-start=\"454\" data-end=\"694\">Buscamos personas con ganas de aprender, aportar ideas y desarrollarse profesionalmente en un entorno din\u00e1mico y en constante evoluci\u00f3n. Valoramos el trabajo en equipo, la mejora continua y el compromiso con nuestros clientes y proveedores.<\/p><p data-start=\"696\" data-end=\"869\">Si te interesa formar parte de una empresa en crecimiento, con oportunidades de desarrollo y un ambiente de trabajo colaborativo, te invitamos a sumarte a <strong data-start=\"851\" data-end=\"868\">Todo Aluminio<\/strong>.<\/p>\t\t\t\t\t\t\t\t<\/div>\n\t\t\t\t<\/div>\n\t\t\t\t\t<\/div>\n\t\t<\/div>\n\t\t\t\t\t<\/div>\n\t\t<\/section>\n\t\t\t\t<\/div>\n\t\t","protected":false},"excerpt":{"rendered":"<p>Quienes Somos Nuestra Historia &amp; Nuestra Filosof\u00eda En Todo Aluminio somos una empresa dedicada a la comercializaci\u00f3n de productos de aluminio y fundici\u00f3n, brindando soluciones confiables y de alta calidad para clientes de todo el pa\u00eds. Nos enfocamos en ofrecer un servicio \u00e1gil, profesional y personalizado, adaptado a las necesidades de cada proyecto. Somos distribuidores [&hellip;]<\/p>\n","protected":false},"author":1,"featured_media":0,"parent":0,"menu_order":0,"comment_status":"closed","ping_status":"closed","template":"","meta":{"site-sidebar-layout":"no-sidebar","site-content-layout":"page-builder","ast-site-content-layout":"default","site-content-style":"default","site-sidebar-style":"default","ast-global-header-display":"","ast-banner-title-visibility":"","ast-main-header-display":"","ast-hfb-above-header-display":"","ast-hfb-below-header-display":"","ast-hfb-mobile-header-display":"","site-post-title":"disabled","ast-breadcrumbs-content":"","ast-featured-img":"disabled","footer-sml-layout":"","ast-disable-related-posts":"","theme-transparent-header-meta":"enabled","adv-header-id-meta":"","stick-header-meta":"","header-above-stick-meta":"","header-main-stick-meta":"","header-below-stick-meta":"","astra-migrate-meta-layouts":"default","ast-page-background-enabled":"default","ast-page-background-meta":{"desktop":{"background-color":"","background-image":"","background-repeat":"repeat","background-position":"center center","background-size":"auto","background-attachment":"scroll","background-type":"","background-media":"","overlay-type":"","overlay-color":"","overlay-opacity":"","overlay-gradient":""},"tablet":{"background-color":"","background-image":"","background-repeat":"repeat","background-position":"center center","background-size":"auto","background-attachment":"scroll","background-type":"","background-media":"","overlay-type":"","overlay-color":"","overlay-opacity":"","overlay-gradient":""},"mobile":{"background-color":"","background-image":"","background-repeat":"repeat","background-position":"center center","background-size":"auto","background-attachment":"scroll","background-type":"","background-media":"","overlay-type":"","overlay-color":"","overlay-opacity":"","overlay-gradient":""}},"ast-content-background-meta":{"desktop":{"background-color":"var(--ast-global-color-5)","background-image":"","background-repeat":"repeat","background-position":"center center","background-size":"auto","background-attachment":"scroll","background-type":"","background-media":"","overlay-type":"","overlay-color":"","overlay-opacity":"","overlay-gradient":""},"tablet":{"background-color":"var(--ast-global-color-5)","background-image":"","background-repeat":"repeat","background-position":"center center","background-size":"auto","background-attachment":"scroll","background-type":"","background-media":"","overlay-type":"","overlay-color":"","overlay-opacity":"","overlay-gradient":""},"mobile":{"background-color":"var(--ast-global-color-5)","background-image":"","background-repeat":"repeat","background-position":"center center","background-size":"auto","background-attachment":"scroll","background-type":"","background-media":"","overlay-type":"","overlay-color":"","overlay-opacity":"","overlay-gradient":""}},"_themeisle_gutenberg_block_has_review":false,"footnotes":""},"class_list":["post-1083","page","type-page","status-publish","hentry"],"_links":{"self":[{"href":"https:\/\/todoaluminio.com.ar\/index.php?rest_route=\/wp\/v2\/pages\/1083","targetHints":{"allow":["GET"]}}],"collection":[{"href":"https:\/\/todoaluminio.com.ar\/index.php?rest_route=\/wp\/v2\/pages"}],"about":[{"href":"https:\/\/todoaluminio.com.ar\/index.php?rest_route=\/wp\/v2\/types\/page"}],"author":[{"embeddable":true,"href":"https:\/\/todoaluminio.com.ar\/index.php?rest_route=\/wp\/v2\/users\/1"}],"replies":[{"embeddable":true,"href":"https:\/\/todoaluminio.com.ar\/index.php?rest_route=%2Fwp%2Fv2%2Fcomments&post=1083"}],"version-history":[{"count":17,"href":"https:\/\/todoaluminio.com.ar\/index.php?rest_route=\/wp\/v2\/pages\/1083\/revisions"}],"predecessor-version":[{"id":2227,"href":"https:\/\/todoaluminio.com.ar\/index.php?rest_route=\/wp\/v2\/pages\/1083\/revisions\/2227"}],"wp:attachment":[{"href":"https:\/\/todoaluminio.com.ar\/index.php?rest_route=%2Fwp%2Fv2%2Fmedia&parent=1083"}],"curies":[{"name":"wp","href":"https:\/\/api.w.org\/{rel}","templated":true}]}}